{"id":1084,"date":"2024-05-30T22:21:28","date_gmt":"2024-05-30T20:21:28","guid":{"rendered":"https:\/\/lauratalias.com\/?page_id=1084"},"modified":"2024-07-02T15:50:18","modified_gmt":"2024-07-02T13:50:18","slug":"ateliers","status":"publish","type":"page","link":"https:\/\/lauratalias.com\/index.php\/ateliers\/","title":{"rendered":"Ateliers"},"content":{"rendered":"<div class=\"wp-block-image\">\n<figure class=\"alignright size-large is-resized\"><img loading=\"lazy\" decoding=\"async\" width=\"1024\" height=\"760\" src=\"https:\/\/lauratalias.com\/wp-content\/uploads\/2024\/05\/atelier-laura-talias-cours-1024x760.jpg\" alt=\"\" class=\"wp-image-1088\" style=\"width:336px;height:auto\" srcset=\"https:\/\/lauratalias.com\/wp-content\/uploads\/2024\/05\/atelier-laura-talias-cours-1024x760.jpg 1024w, https:\/\/lauratalias.com\/wp-content\/uploads\/2024\/05\/atelier-laura-talias-cours-300x223.jpg 300w, https:\/\/lauratalias.com\/wp-content\/uploads\/2024\/05\/atelier-laura-talias-cours-768x570.jpg 768w, https:\/\/lauratalias.com\/wp-content\/uploads\/2024\/05\/atelier-laura-talias-cours-1536x1140.jpg 1536w, https:\/\/lauratalias.com\/wp-content\/uploads\/2024\/05\/atelier-laura-talias-cours-2048x1520.jpg 2048w, https:\/\/lauratalias.com\/wp-content\/uploads\/2024\/05\/atelier-laura-talias-cours-600x445.jpg 600w\" sizes=\"auto, (max-width: 1024px) 100vw, 1024px\" \/><\/figure>\n<\/div>\n\n\n<p>Le festival des Carnets de Lourmarin m&#8217;accueille le samedi 7 septembre pour animer un atelier con\u00e7u sp\u00e9cialement pour les carnettistes !<br>Places limit\u00e9es, n&#8217;attendez pas pour r\u00e9server !<\/p>\n\n\n\n<p><br><br><strong>Croquer le quotidien avec des techniques mixtes<br><\/strong>Samedi 7 septembre 2024, de 16h \u00e0 18h<br>Atelier adultes et enfants d\u00e8s 10 ans accompagn\u00e9s<br><br><em>Avec humour et inspiration, explorez de nouveaux m\u00e9diums et prenez confiance en votre trait. Apprenez \u00e0 capturer des instants en d\u00e9veloppant votre style et repartez avec un vent de cr\u00e9ativit\u00e9 dans vos carnets !<\/em><br><em>Toutes techniques et tous niveaux bienvenus, pas besoin d&#8217;avoir appris \u00e0 dessiner pour participer !<\/em><br><br><strong>Mat\u00e9riel conseill\u00e9 : <br><\/strong>Carnet ou feuilles (250 g et +), votre mat\u00e9riel favori pour dessiner, peindre et \u00e9crire, feutre \/ stylo noir r\u00e9sistant \u00e0 l\u2019eau, colle, ciseaux, gouache \/ acrylique blanche. Facultatif : papiers vari\u00e9s (kraft, color\u00e9s, mi-teinte, pages de livre, photos de voyage\u2026).<\/p>\n\n\n\n<div class=\"wp-block-buttons is-layout-flex wp-block-buttons-is-layout-flex\">\n<div class=\"wp-block-button\"><a class=\"wp-block-button__link wp-element-button\" href=\"https:\/\/my.weezevent.com\/atelier-croquer-le-quotidien-avec-des-techniques-mixtes\">R\u00e9server ma place<\/a><\/div>\n<\/div>\n\n\n\n<p><\/p>\n\n\n\n<p><strong><span style=\"text-decoration: underline;\">Infos pratiques<\/span> :<br><\/strong>20\u20ac<br>La Fruiti\u00e8re Num\u00e9rique<br>Avenue du 8 Mai<br>84160 Lourmarin<\/p>\n\n\n\n<p><\/p>\n","protected":false},"excerpt":{"rendered":"<p>Le festival des Carnets de Lourmarin m&#8217;accueille le samedi 7 septembre pour animer un atelier con\u00e7u sp\u00e9cialement pour les carnettistes !Places limit\u00e9es, n&#8217;attendez pas pour r\u00e9server ! Croquer le quotidien avec des techniques mixtesSamedi 7 septembre 2024, de 16h \u00e0 18hAtelier adultes et enfants d\u00e8s 10 ans accompagn\u00e9s Avec humour et inspiration, explorez de nouveaux [&hellip;]<\/p>\n","protected":false},"author":1,"featured_media":0,"parent":0,"menu_order":0,"comment_status":"closed","ping_status":"closed","template":"","meta":{"footnotes":""},"class_list":["post-1084","page","type-page","status-publish","hentry"],"_links":{"self":[{"href":"https:\/\/lauratalias.com\/index.php\/wp-json\/wp\/v2\/pages\/1084","targetHints":{"allow":["GET"]}}],"collection":[{"href":"https:\/\/lauratalias.com\/index.php\/wp-json\/wp\/v2\/pages"}],"about":[{"href":"https:\/\/lauratalias.com\/index.php\/wp-json\/wp\/v2\/types\/page"}],"author":[{"embeddable":true,"href":"https:\/\/lauratalias.com\/index.php\/wp-json\/wp\/v2\/users\/1"}],"replies":[{"embeddable":true,"href":"https:\/\/lauratalias.com\/index.php\/wp-json\/wp\/v2\/comments?post=1084"}],"version-history":[{"count":8,"href":"https:\/\/lauratalias.com\/index.php\/wp-json\/wp\/v2\/pages\/1084\/revisions"}],"predecessor-version":[{"id":1130,"href":"https:\/\/lauratalias.com\/index.php\/wp-json\/wp\/v2\/pages\/1084\/revisions\/1130"}],"wp:attachment":[{"href":"https:\/\/lauratalias.com\/index.php\/wp-json\/wp\/v2\/media?parent=1084"}],"curies":[{"name":"wp","href":"https:\/\/api.w.org\/{rel}","templated":true}]}}