{"id":21,"date":"2018-06-11T17:23:01","date_gmt":"2018-06-11T16:23:01","guid":{"rendered":"https:\/\/lauratalias.wordpress.com\/?page_id=21"},"modified":"2025-11-07T17:56:00","modified_gmt":"2025-11-07T16:56:00","slug":"galerie","status":"publish","type":"page","link":"https:\/\/lauratalias.com\/","title":{"rendered":"Galerie"},"content":{"rendered":"\n<p class=\"has-text-align-right\"><sup>.<\/sup><\/p>\n\n\n\n<div class=\"wp-block-jetpack-layout-grid alignfull column1-desktop-grid__span-4 column1-desktop-grid__row-1 column2-desktop-grid__span-4 column2-desktop-grid__start-5 column2-desktop-grid__row-1 column3-desktop-grid__span-4 column3-desktop-grid__start-9 column3-desktop-grid__row-1 column1-tablet-grid__span-4 column1-tablet-grid__row-1 column2-tablet-grid__span-4 column2-tablet-grid__start-5 column2-tablet-grid__row-1 column3-tablet-grid__span-8 column3-tablet-grid__row-2 column1-mobile-grid__span-4 column1-mobile-grid__row-1 column2-mobile-grid__span-4 column2-mobile-grid__row-2 column3-mobile-grid__span-4 column3-mobile-grid__row-3\">\n<div class=\"wp-block-jetpack-layout-grid-column wp-block-jetpack-layout-grid__padding-none\">\n<figure class=\"wp-block-image size-large\"><a href=\"https:\/\/lauratalias.wordpress.com\/cyano\/\"><img loading=\"lazy\" decoding=\"async\" width=\"2535\" height=\"1770\" src=\"https:\/\/lauratalias.files.wordpress.com\/2021\/10\/img_20191215_001817-1.jpg?w=1024\" alt=\"\" class=\"wp-image-235\" srcset=\"https:\/\/lauratalias.com\/wp-content\/uploads\/2021\/10\/img_20191215_001817-1.jpg 2535w, https:\/\/lauratalias.com\/wp-content\/uploads\/2021\/10\/img_20191215_001817-1-300x209.jpg 300w, https:\/\/lauratalias.com\/wp-content\/uploads\/2021\/10\/img_20191215_001817-1-1024x715.jpg 1024w, https:\/\/lauratalias.com\/wp-content\/uploads\/2021\/10\/img_20191215_001817-1-768x536.jpg 768w, https:\/\/lauratalias.com\/wp-content\/uploads\/2021\/10\/img_20191215_001817-1-1536x1072.jpg 1536w, https:\/\/lauratalias.com\/wp-content\/uploads\/2021\/10\/img_20191215_001817-1-2048x1430.jpg 2048w\" sizes=\"auto, (max-width: 2535px) 100vw, 2535px\" \/><\/a><\/figure>\n\n\n\n<p><a href=\"https:\/\/lauratalias.com\/index.php\/cyanotype\/\" data-type=\"page\" data-id=\"216\">Cyanotypes<\/a><\/p>\n<\/div>\n\n\n\n<div class=\"wp-block-jetpack-layout-grid-column wp-block-jetpack-layout-grid__padding-none\">\n<figure class=\"wp-block-gallery has-nested-images columns-default is-cropped wp-block-gallery-1 is-layout-flex wp-block-gallery-is-layout-flex\">\n<figure class=\"wp-block-image size-large\"><img loading=\"lazy\" decoding=\"async\" width=\"2080\" height=\"1560\" data-id=\"515\" src=\"https:\/\/lauratalias.com\/wp-content\/uploads\/2022\/07\/1651767358530-1.jpg?w=1024\" alt=\"\" class=\"wp-image-515\" srcset=\"https:\/\/lauratalias.com\/wp-content\/uploads\/2022\/07\/1651767358530-1.jpg 2080w, https:\/\/lauratalias.com\/wp-content\/uploads\/2022\/07\/1651767358530-1-300x225.jpg 300w, https:\/\/lauratalias.com\/wp-content\/uploads\/2022\/07\/1651767358530-1-1024x768.jpg 1024w, https:\/\/lauratalias.com\/wp-content\/uploads\/2022\/07\/1651767358530-1-768x576.jpg 768w, https:\/\/lauratalias.com\/wp-content\/uploads\/2022\/07\/1651767358530-1-1536x1152.jpg 1536w, https:\/\/lauratalias.com\/wp-content\/uploads\/2022\/07\/1651767358530-1-2048x1536.jpg 2048w\" sizes=\"auto, (max-width: 2080px) 100vw, 2080px\" \/><\/figure>\n<\/figure>\n\n\n\n<p><a href=\"https:\/\/lauratalias.com\/index.php\/galets\/\" data-type=\"page\" data-id=\"393\">Les galets voyageurs<\/a><\/p>\n<\/div>\n\n\n\n<div class=\"wp-block-jetpack-layout-grid-column wp-block-jetpack-layout-grid__padding-none\">\n<figure class=\"wp-block-image size-large\"><img loading=\"lazy\" decoding=\"async\" width=\"787\" height=\"525\" src=\"https:\/\/lauratalias.files.wordpress.com\/2018\/12\/talias-birmanie-jeunesse-guitare.jpg?w=787\" alt=\"\" class=\"wp-image-188\" srcset=\"https:\/\/lauratalias.com\/wp-content\/uploads\/2018\/12\/talias-birmanie-jeunesse-guitare.jpg 787w, https:\/\/lauratalias.com\/wp-content\/uploads\/2018\/12\/talias-birmanie-jeunesse-guitare-300x200.jpg 300w, https:\/\/lauratalias.com\/wp-content\/uploads\/2018\/12\/talias-birmanie-jeunesse-guitare-768x512.jpg 768w\" sizes=\"auto, (max-width: 787px) 100vw, 787px\" \/><figcaption class=\"wp-element-caption\"><a href=\"https:\/\/lauratalias.com\/index.php\/20-something-jeunesse-birmane\/\" data-type=\"page\" data-id=\"116\">20 something,<br>une jeunesse&nbsp;birmane<\/a><\/figcaption><\/figure>\n<\/div>\n<\/div>\n\n\n\n<div class=\"wp-block-jetpack-layout-grid alignfull column1-desktop-grid__span-4 column1-desktop-grid__row-1 column2-desktop-grid__span-4 column2-desktop-grid__start-5 column2-desktop-grid__row-1 column3-desktop-grid__span-4 column3-desktop-grid__start-9 column3-desktop-grid__row-1 column1-tablet-grid__span-4 column1-tablet-grid__row-1 column2-tablet-grid__span-4 column2-tablet-grid__start-5 column2-tablet-grid__row-1 column3-tablet-grid__span-8 column3-tablet-grid__row-2 column1-mobile-grid__span-4 column1-mobile-grid__row-1 column2-mobile-grid__span-4 column2-mobile-grid__row-2 column3-mobile-grid__span-4 column3-mobile-grid__row-3\">\n<div class=\"wp-block-jetpack-layout-grid-column wp-block-jetpack-layout-grid__padding-none\">\n<figure class=\"wp-block-image size-large\"><img loading=\"lazy\" decoding=\"async\" width=\"1309\" height=\"801\" src=\"https:\/\/lauratalias.com\/wp-content\/uploads\/2022\/12\/en-roue-libre-portrait-photo-1.png?w=1024\" alt=\"\" class=\"wp-image-576\" srcset=\"https:\/\/lauratalias.com\/wp-content\/uploads\/2022\/12\/en-roue-libre-portrait-photo-1.png 1309w, https:\/\/lauratalias.com\/wp-content\/uploads\/2022\/12\/en-roue-libre-portrait-photo-1-300x184.png 300w, https:\/\/lauratalias.com\/wp-content\/uploads\/2022\/12\/en-roue-libre-portrait-photo-1-1024x627.png 1024w, https:\/\/lauratalias.com\/wp-content\/uploads\/2022\/12\/en-roue-libre-portrait-photo-1-768x470.png 768w\" sizes=\"auto, (max-width: 1309px) 100vw, 1309px\" \/><figcaption class=\"wp-element-caption\"><a href=\"https:\/\/lauratalias.com\/index.php\/video\/\" data-type=\"page\" data-id=\"214\">Film<\/a><\/figcaption><\/figure>\n\n\n\n<p><\/p>\n<\/div>\n\n\n\n<div class=\"wp-block-jetpack-layout-grid-column wp-block-jetpack-layout-grid__padding-none\">\n<figure class=\"wp-block-gallery has-nested-images columns-default is-cropped wp-block-gallery-2 is-layout-flex wp-block-gallery-is-layout-flex\">\n<figure class=\"wp-block-image size-large is-resized\"><a href=\"https:\/\/lauratalias.wordpress.com\/birmanie-traces-tourisme-responsable\/\"><img loading=\"lazy\" decoding=\"async\" width=\"1024\" height=\"683\" data-id=\"109\" src=\"https:\/\/lauratalias.com\/wp-content\/uploads\/2018\/06\/talias-birmanie-shan-trek-1024x683.jpg\" alt=\"\" class=\"wp-image-109\" srcset=\"https:\/\/lauratalias.com\/wp-content\/uploads\/2018\/06\/talias-birmanie-shan-trek-1024x683.jpg 1024w, https:\/\/lauratalias.com\/wp-content\/uploads\/2018\/06\/talias-birmanie-shan-trek-300x200.jpg 300w, https:\/\/lauratalias.com\/wp-content\/uploads\/2018\/06\/talias-birmanie-shan-trek-768x512.jpg 768w, https:\/\/lauratalias.com\/wp-content\/uploads\/2018\/06\/talias-birmanie-shan-trek-1536x1024.jpg 1536w, https:\/\/lauratalias.com\/wp-content\/uploads\/2018\/06\/talias-birmanie-shan-trek-2048x1365.jpg 2048w\" sizes=\"auto, (max-width: 1024px) 100vw, 1024px\" \/><\/a><\/figure>\n<\/figure>\n\n\n\n<p><a href=\"https:\/\/lauratalias.com\/index.php\/birmanie-traces-tourisme-responsable\/\" data-type=\"page\" data-id=\"26\">Birmanie, sur les traces du tourisme responsable<\/a><\/p>\n<\/div>\n\n\n\n<div class=\"wp-block-jetpack-layout-grid-column wp-block-jetpack-layout-grid__padding-none\">\n<figure class=\"wp-block-gallery has-nested-images columns-default is-cropped wp-block-gallery-3 is-layout-flex wp-block-gallery-is-layout-flex\">\n<figure class=\"wp-block-image size-large is-resized\"><a href=\"https:\/\/lauratalias.wordpress.com\/portrait-birmans\/\"><img loading=\"lazy\" decoding=\"async\" width=\"1024\" height=\"684\" data-id=\"47\" src=\"https:\/\/lauratalias.com\/wp-content\/uploads\/2018\/06\/12697456_933671360014977_7810212277272630174_o-1024x684.jpg\" alt=\"\" class=\"wp-image-47\" srcset=\"https:\/\/lauratalias.com\/wp-content\/uploads\/2018\/06\/12697456_933671360014977_7810212277272630174_o-1024x684.jpg 1024w, https:\/\/lauratalias.com\/wp-content\/uploads\/2018\/06\/12697456_933671360014977_7810212277272630174_o-300x200.jpg 300w, https:\/\/lauratalias.com\/wp-content\/uploads\/2018\/06\/12697456_933671360014977_7810212277272630174_o-768x513.jpg 768w, https:\/\/lauratalias.com\/wp-content\/uploads\/2018\/06\/12697456_933671360014977_7810212277272630174_o-1536x1027.jpg 1536w, https:\/\/lauratalias.com\/wp-content\/uploads\/2018\/06\/12697456_933671360014977_7810212277272630174_o.jpg 1824w\" sizes=\"auto, (max-width: 1024px) 100vw, 1024px\" \/><\/a><\/figure>\n<\/figure>\n\n\n\n<p><a href=\"https:\/\/lauratalias.com\/index.php\/portrait\/\" data-type=\"page\" data-id=\"430\">Portrait birmans<\/a><\/p>\n<\/div>\n<\/div>\n\n\n\n<div class=\"wp-block-jetpack-layout-grid alignfull column1-desktop-grid__span-4 column1-desktop-grid__row-1 column2-desktop-grid__span-4 column2-desktop-grid__start-5 column2-desktop-grid__row-1 column3-desktop-grid__span-4 column3-desktop-grid__start-9 column3-desktop-grid__row-1 column1-tablet-grid__span-4 column1-tablet-grid__row-1 column2-tablet-grid__span-4 column2-tablet-grid__start-5 column2-tablet-grid__row-1 column3-tablet-grid__span-8 column3-tablet-grid__row-2 column1-mobile-grid__span-4 column1-mobile-grid__row-1 column2-mobile-grid__span-4 column2-mobile-grid__row-2 column3-mobile-grid__span-4 column3-mobile-grid__row-3\">\n<div class=\"wp-block-jetpack-layout-grid-column wp-block-jetpack-layout-grid__padding-none\">\n<figure class=\"wp-block-image size-full is-resized\"><img loading=\"lazy\" decoding=\"async\" width=\"2560\" height=\"1815\" src=\"https:\/\/lauratalias.com\/wp-content\/uploads\/2023\/11\/Les-amoureux-de-Vancouver-scaled.jpg\" alt=\"\" class=\"wp-image-838\" style=\"width:248px;height:auto\" srcset=\"https:\/\/lauratalias.com\/wp-content\/uploads\/2023\/11\/Les-amoureux-de-Vancouver-scaled.jpg 2560w, https:\/\/lauratalias.com\/wp-content\/uploads\/2023\/11\/Les-amoureux-de-Vancouver-300x213.jpg 300w, https:\/\/lauratalias.com\/wp-content\/uploads\/2023\/11\/Les-amoureux-de-Vancouver-1024x726.jpg 1024w, https:\/\/lauratalias.com\/wp-content\/uploads\/2023\/11\/Les-amoureux-de-Vancouver-768x545.jpg 768w, https:\/\/lauratalias.com\/wp-content\/uploads\/2023\/11\/Les-amoureux-de-Vancouver-1536x1089.jpg 1536w, https:\/\/lauratalias.com\/wp-content\/uploads\/2023\/11\/Les-amoureux-de-Vancouver-2048x1452.jpg 2048w, https:\/\/lauratalias.com\/wp-content\/uploads\/2023\/11\/Les-amoureux-de-Vancouver-600x425.jpg 600w\" sizes=\"auto, (max-width: 2560px) 100vw, 2560px\" \/><figcaption class=\"wp-element-caption\"><a href=\"https:\/\/lauratalias.com\/index.php\/carnet-dessin\/\" data-type=\"page\" data-id=\"827\">Dessin &amp; peinture<\/a><\/figcaption><\/figure>\n<\/div>\n\n\n\n<div class=\"wp-block-jetpack-layout-grid-column wp-block-jetpack-layout-grid__padding-none\">\n<figure class=\"wp-block-image size-large is-resized\"><img loading=\"lazy\" decoding=\"async\" width=\"1024\" height=\"686\" src=\"https:\/\/lauratalias.com\/wp-content\/uploads\/2023\/11\/Laponie-un-poil-de-renne-sur-mon-cookie-2023-Laura-Talias-copie-1024x686.jpg\" alt=\"\" class=\"wp-image-865\" style=\"width:288px;height:auto\" srcset=\"https:\/\/lauratalias.com\/wp-content\/uploads\/2023\/11\/Laponie-un-poil-de-renne-sur-mon-cookie-2023-Laura-Talias-copie-1024x686.jpg 1024w, https:\/\/lauratalias.com\/wp-content\/uploads\/2023\/11\/Laponie-un-poil-de-renne-sur-mon-cookie-2023-Laura-Talias-copie-300x201.jpg 300w, https:\/\/lauratalias.com\/wp-content\/uploads\/2023\/11\/Laponie-un-poil-de-renne-sur-mon-cookie-2023-Laura-Talias-copie-768x514.jpg 768w, https:\/\/lauratalias.com\/wp-content\/uploads\/2023\/11\/Laponie-un-poil-de-renne-sur-mon-cookie-2023-Laura-Talias-copie-600x402.jpg 600w, https:\/\/lauratalias.com\/wp-content\/uploads\/2023\/11\/Laponie-un-poil-de-renne-sur-mon-cookie-2023-Laura-Talias-copie.jpg 1531w\" sizes=\"auto, (max-width: 1024px) 100vw, 1024px\" \/><figcaption class=\"wp-element-caption\"><a href=\"https:\/\/lauratalias.com\/index.php\/carnet-dessin\/\" data-type=\"page\" data-id=\"827\">Carnets de voyage<\/a><\/figcaption><\/figure>\n<\/div>\n\n\n\n<div class=\"wp-block-jetpack-layout-grid-column wp-block-jetpack-layout-grid__padding-none\"><div class=\"wp-block-image\">\n<figure class=\"alignright size-full is-resized\"><img decoding=\"async\" src=\"https:\/\/lauratalias.com\/wp-content\/uploads\/2024\/07\/cyanotype-atelier-paris.jpg\" alt=\"\" class=\"wp-image-1159\" style=\"width:294px;height:auto\"\/><figcaption class=\"wp-element-caption\"><a href=\"https:\/\/lauratalias.com\/index.php\/stage-cyanotype-photogramme\/\" data-type=\"page\" data-id=\"750\">Ateliers cyanotype<\/a><\/figcaption><\/figure>\n<\/div><\/div>\n<\/div>\n\n\n\n<p>                                                                                                                                                                                 .<\/p>\n\n\n\n<p><\/p>\n\n\n\n<h1 class=\"wp-block-heading\">C&#8217;est d\u00e9j\u00e0 pass\u00e9<\/h1>\n\n\n\n<h3 class=\"wp-block-heading\">Du cyanotype \u00e0 la peinture<\/h3>\n\n\n\n<p>Exposition du 5 au 21 mai 2025<br><em>Peinture, dessins, cyanotypes et quelques nus se m\u00ealeront aux artistes pour le vernissage de notre exposition collective annuelle. <\/em><\/p>\n\n\n\n<figure class=\"wp-block-image size-full is-resized\"><img loading=\"lazy\" decoding=\"async\" width=\"720\" height=\"540\" src=\"https:\/\/lauratalias.com\/wp-content\/uploads\/2025\/05\/Invitation-vernissage-Laura-Talias.jpg\" alt=\"\" class=\"wp-image-1252\" style=\"width:599px;height:auto\" srcset=\"https:\/\/lauratalias.com\/wp-content\/uploads\/2025\/05\/Invitation-vernissage-Laura-Talias.jpg 720w, https:\/\/lauratalias.com\/wp-content\/uploads\/2025\/05\/Invitation-vernissage-Laura-Talias-300x225.jpg 300w, https:\/\/lauratalias.com\/wp-content\/uploads\/2025\/05\/Invitation-vernissage-Laura-Talias-600x450.jpg 600w\" sizes=\"auto, (max-width: 720px) 100vw, 720px\" \/><\/figure>\n\n\n\n<p>.<\/p>\n\n\n\n<p><\/p>\n\n\n\n<p><\/p>\n\n\n\n<h2 class=\"wp-block-heading\">Explorez le cyanotype en stage !<\/h2>\n\n\n<div class=\"wp-block-image\">\n<figure class=\"alignright size-full is-resized\"><img loading=\"lazy\" decoding=\"async\" width=\"720\" height=\"468\" src=\"https:\/\/lauratalias.com\/wp-content\/uploads\/2025\/05\/Atelier-cyanotype.jpg\" alt=\"\" class=\"wp-image-1254\" style=\"width:416px;height:auto\" srcset=\"https:\/\/lauratalias.com\/wp-content\/uploads\/2025\/05\/Atelier-cyanotype.jpg 720w, https:\/\/lauratalias.com\/wp-content\/uploads\/2025\/05\/Atelier-cyanotype-300x195.jpg 300w, https:\/\/lauratalias.com\/wp-content\/uploads\/2025\/05\/Atelier-cyanotype-600x390.jpg 600w\" sizes=\"auto, (max-width: 720px) 100vw, 720px\" \/><\/figure>\n<\/div>\n\n\n<p><strong>Initiation au cyanotype <\/strong><br>Exp\u00e9rimentez cette technique ancienne entre peinture et photographie et repartez avec vos tirages uniques !<br><br><em>Venez exp\u00e9rimenter la magie bleu de prusse du cyanotype !<br>D\u00e9couvrez ce proc\u00e9d\u00e9 de photographie ancienne et repartez avec votre tirage unique.<br>Entre photo et peinture, le cyanotype laisse une libert\u00e9 infinie dans le choix des supports comme des sujets<\/em>.<br><\/p>\n\n\n\n<p>Stage<strong> Secrets de cyanotype<\/strong><br>4h pour d\u00e9couvrir le cyanotype et ma\u00eetriser ses techniques avanc\u00e9es afin d&#8217;\u00eatre autonome (couchage cr\u00e9atif, virage pour changer de tonalit\u00e9, exploration des supports\u2026). <br><a href=\"https:\/\/lauratalias.com\/index.php\/stage-cyanotype-photogramme\/\">En savoir plus et r\u00e9server<\/a><\/p>\n\n\n\n<p><\/p>\n\n\n\n<p><\/p>\n\n\n\n<p>.<\/p>\n\n\n\n<p><strong>Burma Blues au 8\u00e8me festival Vent Debout !<\/strong><br>12 &amp; 13 avril 2025<\/p>\n\n\n<div class=\"wp-block-image\">\n<figure class=\"alignright size-large is-resized\"><img loading=\"lazy\" decoding=\"async\" width=\"724\" height=\"1024\" src=\"https:\/\/lauratalias.com\/wp-content\/uploads\/2024\/06\/Burma-Blues-exposition-cyanotype-724x1024.jpg\" alt=\"\" class=\"wp-image-1125\" style=\"width:216px;height:auto\" srcset=\"https:\/\/lauratalias.com\/wp-content\/uploads\/2024\/06\/Burma-Blues-exposition-cyanotype-724x1024.jpg 724w, https:\/\/lauratalias.com\/wp-content\/uploads\/2024\/06\/Burma-Blues-exposition-cyanotype-212x300.jpg 212w, https:\/\/lauratalias.com\/wp-content\/uploads\/2024\/06\/Burma-Blues-exposition-cyanotype-768x1087.jpg 768w, https:\/\/lauratalias.com\/wp-content\/uploads\/2024\/06\/Burma-Blues-exposition-cyanotype-1086x1536.jpg 1086w, https:\/\/lauratalias.com\/wp-content\/uploads\/2024\/06\/Burma-Blues-exposition-cyanotype-600x849.jpg 600w, https:\/\/lauratalias.com\/wp-content\/uploads\/2024\/06\/Burma-Blues-exposition-cyanotype.jpg 1169w\" sizes=\"auto, (max-width: 724px) 100vw, 724px\" \/><\/figure>\n<\/div>\n\n\n<p>Mes cyanotypes in\u00e9dits de la s\u00e9rie Burma Blues ont investi la salle d&#8217;exposition de la Gare Exp\u00e9rimentale en 2024, avant de partir pour la Dr\u00f4me !<br><br><em>Laura Talias est partie 9 mois \u00e0 la rencontre des Birmans en 2015, \u00e0 une \u00e9poque pleine d&#8217;espoir o\u00f9 la d\u00e9mocratie faisait une perc\u00e9e apr\u00e8s 50 ans de dictature. Ses portraits au cyanotype sont un hommage \u00e0 ce peuple r\u00e9silient, qui subit aujourd\u2019hui le retour des militaires.<br>Un blues birman en bleu de prusse et des tirages in\u00e9dits, d\u00e9velopp\u00e9s enti\u00e8rement \u00e0 la main<\/em>.<\/p>\n\n\n\n<p><br><\/p>\n","protected":false},"excerpt":{"rendered":"<p>. Cyanotypes Les galets voyageurs Birmanie, sur les traces du tourisme responsable Portrait birmans . C&#8217;est d\u00e9j\u00e0 pass\u00e9 Du cyanotype \u00e0 la peinture Exposition du 5 au 21 mai 2025Peinture, dessins, cyanotypes et quelques nus se m\u00ealeront aux artistes pour le vernissage de notre exposition collective annuelle. . Explorez le cyanotype en stage ! Initiation [&hellip;]<\/p>\n","protected":false},"author":2,"featured_media":0,"parent":0,"menu_order":0,"comment_status":"closed","ping_status":"closed","template":"","meta":{"footnotes":""},"class_list":["post-21","page","type-page","status-publish","hentry"],"_links":{"self":[{"href":"https:\/\/lauratalias.com\/index.php\/wp-json\/wp\/v2\/pages\/21","targetHints":{"allow":["GET"]}}],"collection":[{"href":"https:\/\/lauratalias.com\/index.php\/wp-json\/wp\/v2\/pages"}],"about":[{"href":"https:\/\/lauratalias.com\/index.php\/wp-json\/wp\/v2\/types\/page"}],"author":[{"embeddable":true,"href":"https:\/\/lauratalias.com\/index.php\/wp-json\/wp\/v2\/users\/2"}],"replies":[{"embeddable":true,"href":"https:\/\/lauratalias.com\/index.php\/wp-json\/wp\/v2\/comments?post=21"}],"version-history":[{"count":164,"href":"https:\/\/lauratalias.com\/index.php\/wp-json\/wp\/v2\/pages\/21\/revisions"}],"predecessor-version":[{"id":1282,"href":"https:\/\/lauratalias.com\/index.php\/wp-json\/wp\/v2\/pages\/21\/revisions\/1282"}],"wp:attachment":[{"href":"https:\/\/lauratalias.com\/index.php\/wp-json\/wp\/v2\/media?parent=21"}],"curies":[{"name":"wp","href":"https:\/\/api.w.org\/{rel}","templated":true}]}}