{"id":214,"date":"2021-10-09T18:39:47","date_gmt":"2021-10-09T17:39:47","guid":{"rendered":"https:\/\/lauratalias.wordpress.com\/?page_id=214"},"modified":"2024-02-23T22:53:54","modified_gmt":"2024-02-23T21:53:54","slug":"video","status":"publish","type":"page","link":"https:\/\/lauratalias.com\/index.php\/video\/","title":{"rendered":"Film"},"content":{"rendered":"\n<p><\/p>\n\n\n\n<p><strong>En roue libre<\/strong> (2020, 2&#8217;45)<br><em>Avril 2020. Le confinement enferme la totalit\u00e9 des Fran\u00e7ais \u00e0 coup de mesures restrictives.<\/em><br><em>Mais dehors, la col\u00e8re gronde.<\/em><\/p>\n\n\n\n<figure class=\"wp-block-embed is-type-video is-provider-youtube wp-block-embed-youtube wp-embed-aspect-16-9 wp-has-aspect-ratio\"><div class=\"wp-block-embed__wrapper\">\n<iframe loading=\"lazy\" title=\"En roue libre\" width=\"640\" height=\"360\" src=\"https:\/\/www.youtube.com\/embed\/WSdJV6gMs_I?feature=oembed\" frameborder=\"0\" allow=\"accelerometer; autoplay; clipboard-write; encrypted-media; gyroscope; picture-in-picture; web-share\" referrerpolicy=\"strict-origin-when-cross-origin\" allowfullscreen><\/iframe>\n<\/div><\/figure>\n\n\n\n<p><\/p>\n\n\n\n<p><\/p>\n","protected":false},"excerpt":{"rendered":"<p>En roue libre (2020, 2&#8217;45)Avril 2020. Le confinement enferme la totalit\u00e9 des Fran\u00e7ais \u00e0 coup de mesures restrictives.Mais dehors, la col\u00e8re gronde.<\/p>\n","protected":false},"author":2,"featured_media":0,"parent":0,"menu_order":0,"comment_status":"closed","ping_status":"closed","template":"","meta":{"footnotes":""},"class_list":["post-214","page","type-page","status-publish","hentry"],"_links":{"self":[{"href":"https:\/\/lauratalias.com\/index.php\/wp-json\/wp\/v2\/pages\/214","targetHints":{"allow":["GET"]}}],"collection":[{"href":"https:\/\/lauratalias.com\/index.php\/wp-json\/wp\/v2\/pages"}],"about":[{"href":"https:\/\/lauratalias.com\/index.php\/wp-json\/wp\/v2\/types\/page"}],"author":[{"embeddable":true,"href":"https:\/\/lauratalias.com\/index.php\/wp-json\/wp\/v2\/users\/2"}],"replies":[{"embeddable":true,"href":"https:\/\/lauratalias.com\/index.php\/wp-json\/wp\/v2\/comments?post=214"}],"version-history":[{"count":2,"href":"https:\/\/lauratalias.com\/index.php\/wp-json\/wp\/v2\/pages\/214\/revisions"}],"predecessor-version":[{"id":929,"href":"https:\/\/lauratalias.com\/index.php\/wp-json\/wp\/v2\/pages\/214\/revisions\/929"}],"wp:attachment":[{"href":"https:\/\/lauratalias.com\/index.php\/wp-json\/wp\/v2\/media?parent=214"}],"curies":[{"name":"wp","href":"https:\/\/api.w.org\/{rel}","templated":true}]}}