{"id":216,"date":"2021-10-09T18:39:47","date_gmt":"2021-10-09T17:39:47","guid":{"rendered":"https:\/\/lauratalias.wordpress.com\/?page_id=216"},"modified":"2025-05-13T13:17:18","modified_gmt":"2025-05-13T11:17:18","slug":"cyanotype","status":"publish","type":"page","link":"https:\/\/lauratalias.com\/index.php\/cyanotype\/","title":{"rendered":"Le cyanotype ?"},"content":{"rendered":"\n<ul class=\"wp-block-social-links alignright is-layout-flex wp-block-social-links-is-layout-flex\"><li class=\"wp-social-link wp-social-link-facebook  wp-block-social-link\"><a href=\"https:\/\/www.facebook.com\/laurataliasarts\" class=\"wp-block-social-link-anchor\"><svg width=\"24\" height=\"24\" viewBox=\"0 0 24 24\" version=\"1.1\" xmlns=\"http:\/\/www.w3.org\/2000\/svg\" aria-hidden=\"true\" focusable=\"false\"><path d=\"M12 2C6.5 2 2 6.5 2 12c0 5 3.7 9.1 8.4 9.9v-7H7.9V12h2.5V9.8c0-2.5 1.5-3.9 3.8-3.9 1.1 0 2.2.2 2.2.2v2.5h-1.3c-1.2 0-1.6.8-1.6 1.6V12h2.8l-.4 2.9h-2.3v7C18.3 21.1 22 17 22 12c0-5.5-4.5-10-10-10z\"><\/path><\/svg><span class=\"wp-block-social-link-label screen-reader-text\">Facebook<\/span><\/a><\/li>\n\n<li class=\"wp-social-link wp-social-link-instagram  wp-block-social-link\"><a href=\"https:\/\/www.instagram.com\/laura_talias_arts\/?hl=fr\" class=\"wp-block-social-link-anchor\"><svg width=\"24\" height=\"24\" viewBox=\"0 0 24 24\" version=\"1.1\" xmlns=\"http:\/\/www.w3.org\/2000\/svg\" aria-hidden=\"true\" focusable=\"false\"><path d=\"M12,4.622c2.403,0,2.688,0.009,3.637,0.052c0.877,0.04,1.354,0.187,1.671,0.31c0.42,0.163,0.72,0.358,1.035,0.673 c0.315,0.315,0.51,0.615,0.673,1.035c0.123,0.317,0.27,0.794,0.31,1.671c0.043,0.949,0.052,1.234,0.052,3.637 s-0.009,2.688-0.052,3.637c-0.04,0.877-0.187,1.354-0.31,1.671c-0.163,0.42-0.358,0.72-0.673,1.035 c-0.315,0.315-0.615,0.51-1.035,0.673c-0.317,0.123-0.794,0.27-1.671,0.31c-0.949,0.043-1.233,0.052-3.637,0.052 s-2.688-0.009-3.637-0.052c-0.877-0.04-1.354-0.187-1.671-0.31c-0.42-0.163-0.72-0.358-1.035-0.673 c-0.315-0.315-0.51-0.615-0.673-1.035c-0.123-0.317-0.27-0.794-0.31-1.671C4.631,14.688,4.622,14.403,4.622,12 s0.009-2.688,0.052-3.637c0.04-0.877,0.187-1.354,0.31-1.671c0.163-0.42,0.358-0.72,0.673-1.035 c0.315-0.315,0.615-0.51,1.035-0.673c0.317-0.123,0.794-0.27,1.671-0.31C9.312,4.631,9.597,4.622,12,4.622 M12,3 C9.556,3,9.249,3.01,8.289,3.054C7.331,3.098,6.677,3.25,6.105,3.472C5.513,3.702,5.011,4.01,4.511,4.511 c-0.5,0.5-0.808,1.002-1.038,1.594C3.25,6.677,3.098,7.331,3.054,8.289C3.01,9.249,3,9.556,3,12c0,2.444,0.01,2.751,0.054,3.711 c0.044,0.958,0.196,1.612,0.418,2.185c0.23,0.592,0.538,1.094,1.038,1.594c0.5,0.5,1.002,0.808,1.594,1.038 c0.572,0.222,1.227,0.375,2.185,0.418C9.249,20.99,9.556,21,12,21s2.751-0.01,3.711-0.054c0.958-0.044,1.612-0.196,2.185-0.418 c0.592-0.23,1.094-0.538,1.594-1.038c0.5-0.5,0.808-1.002,1.038-1.594c0.222-0.572,0.375-1.227,0.418-2.185 C20.99,14.751,21,14.444,21,12s-0.01-2.751-0.054-3.711c-0.044-0.958-0.196-1.612-0.418-2.185c-0.23-0.592-0.538-1.094-1.038-1.594 c-0.5-0.5-1.002-0.808-1.594-1.038c-0.572-0.222-1.227-0.375-2.185-0.418C14.751,3.01,14.444,3,12,3L12,3z M12,7.378 c-2.552,0-4.622,2.069-4.622,4.622S9.448,16.622,12,16.622s4.622-2.069,4.622-4.622S14.552,7.378,12,7.378z M12,15 c-1.657,0-3-1.343-3-3s1.343-3,3-3s3,1.343,3,3S13.657,15,12,15z M16.804,6.116c-0.596,0-1.08,0.484-1.08,1.08 s0.484,1.08,1.08,1.08c0.596,0,1.08-0.484,1.08-1.08S17.401,6.116,16.804,6.116z\"><\/path><\/svg><span class=\"wp-block-social-link-label screen-reader-text\">Instagram<\/span><\/a><\/li><\/ul>\n\n\n\n<p><\/p>\n\n\n\n<p>Le cyanotype est une technique photo fascinante que j&#8217;apprivoise depuis plusieurs ann\u00e9es d\u00e9j\u00e0.<br>J&#8217;aime en particulier avoir la ma\u00eetrise compl\u00e8te du proc\u00e9d\u00e9, de la pr\u00e9paration de la chimie au s\u00e9chage.<br>En quelques minutes, la lumi\u00e8re naturelle d\u00e9veloppe le tirage qui change de couleur. Chaque t irage est unique et d\u00e9pend de la puissance du soleil, du sujet choisi et de son support : papier, bois, pierre&#8230; <br><br>Le rendu bleu de prusse est singulier et permet de r\u00e9inventer autant des photos anciennes que mes propres clich\u00e9s.<br>Je partage aujourd&#8217;hui la passion du cyanotype avec mes tirages et lors de <a href=\"https:\/\/lauratalias.wordpress.com\/la-boutique\/\">stages photo<\/a>, mais vous pouvez d\u00e9j\u00e0 d\u00e9couvrir les \u00e9tapes de cr\u00e9ation ci-dessous !<\/p>\n\n\n\n<figure class=\"wp-block-gallery has-nested-images columns-default is-cropped wp-block-gallery-1 is-layout-flex wp-block-gallery-is-layout-flex\">\n<figure class=\"wp-block-image size-large\"><img loading=\"lazy\" decoding=\"async\" width=\"1024\" height=\"772\" data-id=\"238\" src=\"https:\/\/lauratalias.com\/wp-content\/uploads\/2021\/10\/img_20180806_142655-1024x772.jpg\" alt=\"\" class=\"wp-image-238\" srcset=\"https:\/\/lauratalias.com\/wp-content\/uploads\/2021\/10\/img_20180806_142655-1024x772.jpg 1024w, https:\/\/lauratalias.com\/wp-content\/uploads\/2021\/10\/img_20180806_142655-300x226.jpg 300w, https:\/\/lauratalias.com\/wp-content\/uploads\/2021\/10\/img_20180806_142655-768x579.jpg 768w, https:\/\/lauratalias.com\/wp-content\/uploads\/2021\/10\/img_20180806_142655-1536x1158.jpg 1536w, https:\/\/lauratalias.com\/wp-content\/uploads\/2021\/10\/img_20180806_142655-2048x1544.jpg 2048w\" sizes=\"auto, (max-width: 1024px) 100vw, 1024px\" \/><\/figure>\n\n\n\n<figure class=\"wp-block-image size-large\"><img loading=\"lazy\" decoding=\"async\" width=\"1024\" height=\"673\" data-id=\"244\" src=\"https:\/\/lauratalias.com\/wp-content\/uploads\/2021\/10\/1633780433158-1024x673.jpg\" alt=\"\" class=\"wp-image-244\" srcset=\"https:\/\/lauratalias.com\/wp-content\/uploads\/2021\/10\/1633780433158-1024x673.jpg 1024w, https:\/\/lauratalias.com\/wp-content\/uploads\/2021\/10\/1633780433158-300x197.jpg 300w, https:\/\/lauratalias.com\/wp-content\/uploads\/2021\/10\/1633780433158-768x505.jpg 768w, https:\/\/lauratalias.com\/wp-content\/uploads\/2021\/10\/1633780433158-1536x1010.jpg 1536w, https:\/\/lauratalias.com\/wp-content\/uploads\/2021\/10\/1633780433158-2048x1346.jpg 2048w\" sizes=\"auto, (max-width: 1024px) 100vw, 1024px\" \/><\/figure>\n\n\n\n<figure class=\"wp-block-image size-large\"><img loading=\"lazy\" decoding=\"async\" width=\"1024\" height=\"715\" data-id=\"235\" src=\"https:\/\/lauratalias.com\/wp-content\/uploads\/2021\/10\/img_20191215_001817-1-1024x715.jpg\" alt=\"\" class=\"wp-image-235\" srcset=\"https:\/\/lauratalias.com\/wp-content\/uploads\/2021\/10\/img_20191215_001817-1-1024x715.jpg 1024w, https:\/\/lauratalias.com\/wp-content\/uploads\/2021\/10\/img_20191215_001817-1-300x209.jpg 300w, https:\/\/lauratalias.com\/wp-content\/uploads\/2021\/10\/img_20191215_001817-1-768x536.jpg 768w, https:\/\/lauratalias.com\/wp-content\/uploads\/2021\/10\/img_20191215_001817-1-1536x1072.jpg 1536w, https:\/\/lauratalias.com\/wp-content\/uploads\/2021\/10\/img_20191215_001817-1-2048x1430.jpg 2048w\" sizes=\"auto, (max-width: 1024px) 100vw, 1024px\" \/><\/figure>\n\n\n\n<figure class=\"wp-block-image size-large\"><img loading=\"lazy\" decoding=\"async\" width=\"1024\" height=\"683\" data-id=\"243\" src=\"https:\/\/lauratalias.com\/wp-content\/uploads\/2021\/10\/1633780433097-1024x683.jpg\" alt=\"\" class=\"wp-image-243\" srcset=\"https:\/\/lauratalias.com\/wp-content\/uploads\/2021\/10\/1633780433097-1024x683.jpg 1024w, https:\/\/lauratalias.com\/wp-content\/uploads\/2021\/10\/1633780433097-300x200.jpg 300w, https:\/\/lauratalias.com\/wp-content\/uploads\/2021\/10\/1633780433097-768x512.jpg 768w, https:\/\/lauratalias.com\/wp-content\/uploads\/2021\/10\/1633780433097-1536x1024.jpg 1536w, https:\/\/lauratalias.com\/wp-content\/uploads\/2021\/10\/1633780433097-2048x1366.jpg 2048w\" sizes=\"auto, (max-width: 1024px) 100vw, 1024px\" \/><\/figure>\n\n\n\n<figure class=\"wp-block-image size-large\"><img loading=\"lazy\" decoding=\"async\" width=\"924\" height=\"1024\" data-id=\"743\" src=\"https:\/\/lauratalias.com\/wp-content\/uploads\/2023\/10\/IMG_20191210_015701-copie-924x1024.jpg\" alt=\"\" class=\"wp-image-743\" srcset=\"https:\/\/lauratalias.com\/wp-content\/uploads\/2023\/10\/IMG_20191210_015701-copie-924x1024.jpg 924w, https:\/\/lauratalias.com\/wp-content\/uploads\/2023\/10\/IMG_20191210_015701-copie-271x300.jpg 271w, https:\/\/lauratalias.com\/wp-content\/uploads\/2023\/10\/IMG_20191210_015701-copie-768x851.jpg 768w, https:\/\/lauratalias.com\/wp-content\/uploads\/2023\/10\/IMG_20191210_015701-copie-1386x1536.jpg 1386w, https:\/\/lauratalias.com\/wp-content\/uploads\/2023\/10\/IMG_20191210_015701-copie.jpg 1443w\" sizes=\"auto, (max-width: 924px) 100vw, 924px\" \/><\/figure>\n\n\n\n<figure class=\"wp-block-image size-large\"><img loading=\"lazy\" decoding=\"async\" width=\"787\" height=\"1024\" data-id=\"206\" src=\"https:\/\/lauratalias.com\/wp-content\/uploads\/2021\/10\/1633780433147-787x1024.jpg\" alt=\"\" class=\"wp-image-206\" srcset=\"https:\/\/lauratalias.com\/wp-content\/uploads\/2021\/10\/1633780433147-787x1024.jpg 787w, https:\/\/lauratalias.com\/wp-content\/uploads\/2021\/10\/1633780433147-231x300.jpg 231w, https:\/\/lauratalias.com\/wp-content\/uploads\/2021\/10\/1633780433147-768x999.jpg 768w, https:\/\/lauratalias.com\/wp-content\/uploads\/2021\/10\/1633780433147-1181x1536.jpg 1181w, https:\/\/lauratalias.com\/wp-content\/uploads\/2021\/10\/1633780433147-1574x2048.jpg 1574w, https:\/\/lauratalias.com\/wp-content\/uploads\/2021\/10\/1633780433147.jpg 1842w\" sizes=\"auto, (max-width: 787px) 100vw, 787px\" \/><\/figure>\n<\/figure>\n\n\n\n<p>N\u00e9e en 1842, la technique est ant\u00e9rieure \u00e0 l&#8217;argentique mais est demeur\u00e9e m\u00e9connue&#8230; <br>J&#8217;y retrouve un c\u00f4t\u00e9 plastique et exp\u00e9rimental \u00e0 chaque \u00e9tape :<\/p>\n\n\n\n<h2 class=\"wp-block-heading\" id=\"decouvrir-la-magie-du-cyanotype\">D\u00e9couvrir la magie du cyanotype<\/h2>\n\n\n<div class=\"wp-block-image\">\n<figure class=\"alignright size-large is-resized\"><img loading=\"lazy\" decoding=\"async\" width=\"1024\" height=\"576\" src=\"https:\/\/lauratalias.com\/wp-content\/uploads\/2023\/10\/coating-tissu-1024x576.jpeg\" alt=\"\" class=\"wp-image-782\" style=\"width:311px;height:auto\" srcset=\"https:\/\/lauratalias.com\/wp-content\/uploads\/2023\/10\/coating-tissu-1024x576.jpeg 1024w, https:\/\/lauratalias.com\/wp-content\/uploads\/2023\/10\/coating-tissu-300x169.jpeg 300w, https:\/\/lauratalias.com\/wp-content\/uploads\/2023\/10\/coating-tissu-768x432.jpeg 768w, https:\/\/lauratalias.com\/wp-content\/uploads\/2023\/10\/coating-tissu.jpeg 1280w\" sizes=\"auto, (max-width: 1024px) 100vw, 1024px\" \/><\/figure>\n<\/div>\n\n\n<ul class=\"wp-block-list\">\n<li>La chimie est appliqu\u00e9e au pinceau sur le papier de mon choix<\/li>\n<\/ul>\n\n\n\n<ul class=\"wp-block-list\">\n<li>Apr\u00e8s s\u00e9chage, j&#8217;expose le papier au soleil avec un n\u00e9gatif (plaque de verre, n\u00e9gatif argentique ou transparent) ou des objets pour cr\u00e9er un photogramme<br><br><br><br><br><\/li>\n<\/ul>\n\n\n<div class=\"wp-block-image\">\n<figure class=\"alignright size-large is-resized\"><img loading=\"lazy\" decoding=\"async\" width=\"1024\" height=\"715\" src=\"https:\/\/lauratalias.com\/wp-content\/uploads\/2021\/10\/img_20191215_001817-1-1024x715.jpg\" alt=\"\" class=\"wp-image-235\" style=\"width:309px;height:auto\" srcset=\"https:\/\/lauratalias.com\/wp-content\/uploads\/2021\/10\/img_20191215_001817-1-1024x715.jpg 1024w, https:\/\/lauratalias.com\/wp-content\/uploads\/2021\/10\/img_20191215_001817-1-300x209.jpg 300w, https:\/\/lauratalias.com\/wp-content\/uploads\/2021\/10\/img_20191215_001817-1-768x536.jpg 768w, https:\/\/lauratalias.com\/wp-content\/uploads\/2021\/10\/img_20191215_001817-1-1536x1072.jpg 1536w, https:\/\/lauratalias.com\/wp-content\/uploads\/2021\/10\/img_20191215_001817-1-2048x1430.jpg 2048w\" sizes=\"auto, (max-width: 1024px) 100vw, 1024px\" \/><\/figure>\n<\/div>\n\n\n<ul class=\"wp-block-list\">\n<li>Le tirage est ensuite rinc\u00e9 dans plusieurs bains<br>La couleur se d\u00e9veloppe dans le bac de rin\u00e7age<\/li>\n<\/ul>\n\n\n\n<ul class=\"wp-block-list\">\n<li>Le cyanotype repose ensuite dans le noir o\u00f9 il obtiendra en quelques jours sa teinte finale par oxydation<br><br><br><br><\/li>\n<\/ul>\n\n\n<div class=\"wp-block-image\">\n<figure class=\"alignright size-large is-resized\"><img loading=\"lazy\" decoding=\"async\" width=\"1024\" height=\"733\" src=\"https:\/\/lauratalias.com\/wp-content\/uploads\/2021\/10\/img_20191209_181439-1024x733.jpg\" alt=\"Cyanotype virage laura\" class=\"wp-image-236\" style=\"width:309px;height:auto\" srcset=\"https:\/\/lauratalias.com\/wp-content\/uploads\/2021\/10\/img_20191209_181439-1024x733.jpg 1024w, https:\/\/lauratalias.com\/wp-content\/uploads\/2021\/10\/img_20191209_181439-300x215.jpg 300w, https:\/\/lauratalias.com\/wp-content\/uploads\/2021\/10\/img_20191209_181439-768x549.jpg 768w, https:\/\/lauratalias.com\/wp-content\/uploads\/2021\/10\/img_20191209_181439-1536x1099.jpg 1536w, https:\/\/lauratalias.com\/wp-content\/uploads\/2021\/10\/img_20191209_181439-2048x1465.jpg 2048w\" sizes=\"auto, (max-width: 1024px) 100vw, 1024px\" \/><\/figure>\n<\/div>\n\n\n<p>Je r\u00e9alise \u00e9ventuellement un virage dans un dernier bain pour modifier le rendu<\/p>\n\n\n\n<h2 class=\"wp-block-heading\" id=\"aller-plus-loin\">Aller plus loin<\/h2>\n\n\n\n<p>Envie d&#8217;essayer ? Rejoignez l&#8217;un de mes <a href=\"https:\/\/lauratalias.com\/index.php\/stage-cyanotype-photogramme\/\" data-type=\"page\" data-id=\"750\">stages<\/a> d\u00e9di\u00e9s au cyanotype !<br><\/p>\n\n\n\n<p><\/p>\n","protected":false},"excerpt":{"rendered":"<p>Le cyanotype est une technique photo fascinante que j&#8217;apprivoise depuis plusieurs ann\u00e9es d\u00e9j\u00e0.J&#8217;aime en particulier avoir la ma\u00eetrise compl\u00e8te du proc\u00e9d\u00e9, de la pr\u00e9paration de la chimie au s\u00e9chage.En quelques minutes, la lumi\u00e8re naturelle d\u00e9veloppe le tirage qui change de couleur. Chaque t irage est unique et d\u00e9pend de la puissance du soleil, du sujet [&hellip;]<\/p>\n","protected":false},"author":2,"featured_media":0,"parent":0,"menu_order":0,"comment_status":"closed","ping_status":"closed","template":"","meta":{"footnotes":""},"class_list":["post-216","page","type-page","status-publish","hentry"],"_links":{"self":[{"href":"https:\/\/lauratalias.com\/index.php\/wp-json\/wp\/v2\/pages\/216","targetHints":{"allow":["GET"]}}],"collection":[{"href":"https:\/\/lauratalias.com\/index.php\/wp-json\/wp\/v2\/pages"}],"about":[{"href":"https:\/\/lauratalias.com\/index.php\/wp-json\/wp\/v2\/types\/page"}],"author":[{"embeddable":true,"href":"https:\/\/lauratalias.com\/index.php\/wp-json\/wp\/v2\/users\/2"}],"replies":[{"embeddable":true,"href":"https:\/\/lauratalias.com\/index.php\/wp-json\/wp\/v2\/comments?post=216"}],"version-history":[{"count":5,"href":"https:\/\/lauratalias.com\/index.php\/wp-json\/wp\/v2\/pages\/216\/revisions"}],"predecessor-version":[{"id":1269,"href":"https:\/\/lauratalias.com\/index.php\/wp-json\/wp\/v2\/pages\/216\/revisions\/1269"}],"wp:attachment":[{"href":"https:\/\/lauratalias.com\/index.php\/wp-json\/wp\/v2\/media?parent=216"}],"curies":[{"name":"wp","href":"https:\/\/api.w.org\/{rel}","templated":true}]}}