{"id":26,"date":"2018-06-11T17:23:10","date_gmt":"2018-06-11T16:23:10","guid":{"rendered":"https:\/\/lauratalias.wordpress.com\/?page_id=26"},"modified":"2023-10-21T01:51:02","modified_gmt":"2023-10-20T23:51:02","slug":"birmanie-traces-tourisme-responsable","status":"publish","type":"page","link":"https:\/\/lauratalias.com\/index.php\/birmanie-traces-tourisme-responsable\/","title":{"rendered":"Birmanie, sur les traces du tourisme responsable"},"content":{"rendered":"\n<ul class=\"wp-block-social-links is-content-justification-right is-layout-flex wp-container-core-social-links-is-layout-765c4724 wp-block-social-links-is-layout-flex\"><li class=\"wp-social-link wp-social-link-facebook  wp-block-social-link\"><a href=\"https:\/\/www.facebook.com\/birmanieresponsable\" class=\"wp-block-social-link-anchor\"><svg width=\"24\" height=\"24\" viewBox=\"0 0 24 24\" version=\"1.1\" xmlns=\"http:\/\/www.w3.org\/2000\/svg\" aria-hidden=\"true\" focusable=\"false\"><path d=\"M12 2C6.5 2 2 6.5 2 12c0 5 3.7 9.1 8.4 9.9v-7H7.9V12h2.5V9.8c0-2.5 1.5-3.9 3.8-3.9 1.1 0 2.2.2 2.2.2v2.5h-1.3c-1.2 0-1.6.8-1.6 1.6V12h2.8l-.4 2.9h-2.3v7C18.3 21.1 22 17 22 12c0-5.5-4.5-10-10-10z\"><\/path><\/svg><span class=\"wp-block-social-link-label screen-reader-text\">Facebook<\/span><\/a><\/li>\n\n<li class=\"wp-social-link wp-social-link-instagram  wp-block-social-link\"><a href=\"https:\/\/www.instagram.com\/laura_talias_arts\" class=\"wp-block-social-link-anchor\"><svg width=\"24\" height=\"24\" viewBox=\"0 0 24 24\" version=\"1.1\" xmlns=\"http:\/\/www.w3.org\/2000\/svg\" aria-hidden=\"true\" focusable=\"false\"><path d=\"M12,4.622c2.403,0,2.688,0.009,3.637,0.052c0.877,0.04,1.354,0.187,1.671,0.31c0.42,0.163,0.72,0.358,1.035,0.673 c0.315,0.315,0.51,0.615,0.673,1.035c0.123,0.317,0.27,0.794,0.31,1.671c0.043,0.949,0.052,1.234,0.052,3.637 s-0.009,2.688-0.052,3.637c-0.04,0.877-0.187,1.354-0.31,1.671c-0.163,0.42-0.358,0.72-0.673,1.035 c-0.315,0.315-0.615,0.51-1.035,0.673c-0.317,0.123-0.794,0.27-1.671,0.31c-0.949,0.043-1.233,0.052-3.637,0.052 s-2.688-0.009-3.637-0.052c-0.877-0.04-1.354-0.187-1.671-0.31c-0.42-0.163-0.72-0.358-1.035-0.673 c-0.315-0.315-0.51-0.615-0.673-1.035c-0.123-0.317-0.27-0.794-0.31-1.671C4.631,14.688,4.622,14.403,4.622,12 s0.009-2.688,0.052-3.637c0.04-0.877,0.187-1.354,0.31-1.671c0.163-0.42,0.358-0.72,0.673-1.035 c0.315-0.315,0.615-0.51,1.035-0.673c0.317-0.123,0.794-0.27,1.671-0.31C9.312,4.631,9.597,4.622,12,4.622 M12,3 C9.556,3,9.249,3.01,8.289,3.054C7.331,3.098,6.677,3.25,6.105,3.472C5.513,3.702,5.011,4.01,4.511,4.511 c-0.5,0.5-0.808,1.002-1.038,1.594C3.25,6.677,3.098,7.331,3.054,8.289C3.01,9.249,3,9.556,3,12c0,2.444,0.01,2.751,0.054,3.711 c0.044,0.958,0.196,1.612,0.418,2.185c0.23,0.592,0.538,1.094,1.038,1.594c0.5,0.5,1.002,0.808,1.594,1.038 c0.572,0.222,1.227,0.375,2.185,0.418C9.249,20.99,9.556,21,12,21s2.751-0.01,3.711-0.054c0.958-0.044,1.612-0.196,2.185-0.418 c0.592-0.23,1.094-0.538,1.594-1.038c0.5-0.5,0.808-1.002,1.038-1.594c0.222-0.572,0.375-1.227,0.418-2.185 C20.99,14.751,21,14.444,21,12s-0.01-2.751-0.054-3.711c-0.044-0.958-0.196-1.612-0.418-2.185c-0.23-0.592-0.538-1.094-1.038-1.594 c-0.5-0.5-1.002-0.808-1.594-1.038c-0.572-0.222-1.227-0.375-2.185-0.418C14.751,3.01,14.444,3,12,3L12,3z M12,7.378 c-2.552,0-4.622,2.069-4.622,4.622S9.448,16.622,12,16.622s4.622-2.069,4.622-4.622S14.552,7.378,12,7.378z M12,15 c-1.657,0-3-1.343-3-3s1.343-3,3-3s3,1.343,3,3S13.657,15,12,15z M16.804,6.116c-0.596,0-1.08,0.484-1.08,1.08 s0.484,1.08,1.08,1.08c0.596,0,1.08-0.484,1.08-1.08S17.401,6.116,16.804,6.116z\"><\/path><\/svg><span class=\"wp-block-social-link-label screen-reader-text\">Instagram<\/span><\/a><\/li>\n\n<li class=\"wp-social-link wp-social-link-chain  wp-block-social-link\"><a href=\"https:\/\/fr.ulule.com\/birmanieresponsable\/\" class=\"wp-block-social-link-anchor\"><svg width=\"24\" height=\"24\" viewBox=\"0 0 24 24\" version=\"1.1\" xmlns=\"http:\/\/www.w3.org\/2000\/svg\" aria-hidden=\"true\" focusable=\"false\"><path d=\"M15.6,7.2H14v1.5h1.6c2,0,3.7,1.7,3.7,3.7s-1.7,3.7-3.7,3.7H14v1.5h1.6c2.8,0,5.2-2.3,5.2-5.2,0-2.9-2.3-5.2-5.2-5.2zM4.7,12.4c0-2,1.7-3.7,3.7-3.7H10V7.2H8.4c-2.9,0-5.2,2.3-5.2,5.2,0,2.9,2.3,5.2,5.2,5.2H10v-1.5H8.4c-2,0-3.7-1.7-3.7-3.7zm4.6.9h5.3v-1.5H9.3v1.5z\"><\/path><\/svg><span class=\"wp-block-social-link-label screen-reader-text\">Lien<\/span><\/a><\/li><\/ul>\n\n\n\n<p><em>Birmanie.<\/em><br><em>Aung San Suu Kyi, les milliers de temples de Bagan, 50 ans de dictature et un h\u00e9ritage culturel unique.<\/em> <em>Et 5 millions de touristes attendus en 2016 dans cette destination \u00e0 la mode :<\/em> <em>une vague sans pr\u00e9c\u00e9dent qui s\u2019abat sur le pays depuis 2011.<\/em><br><em>Une question reste en suspens : \u00ab&nbsp;En tant que touriste, comment avoir un impact positif sur le pays et ses habitants&nbsp;?&nbsp;\u00bb<\/em> <br><em>Demandons-leur.<\/em><\/p>\n\n\n\n<p><\/p>\n\n\n\n<p><em>Birmanie, sur les traces du tourisme responsable<\/em> est une exposition documentaire en 20 textes et photos apr\u00e8s 9 mois pass\u00e9s en Birmanie entre 2015 et 2016.<br>9 mois en immersion dans un pays en pleine transition d\u00e9mocratique, 9 mois pour interroger les Birmans sur leurs attentes et leur ressenti face \u00e0 un ph\u00e9nom\u00e8ne nouveau&nbsp;:&nbsp;le tourisme de masse.<br>Je suis persuad\u00e9e que nous pouvons faire la diff\u00e9rence, gr\u00e2ce \u00e0 des choix touristiques conscients. En mati\u00e8re de respect mutuel, d\u2019\u00e9ducation et d\u2019ouverture sur le monde. <\/p>\n\n\n\n<div class=\"wp-block-algori-image-video-slider-block-algori-image-video-slider dots-style-1-off-slide arrows-style-1-off-slide\" data-slick=\"{&quot;dots&quot;:true,&quot;arrows&quot;:true,&quot;autoplay&quot;:false,&quot;pauseOnFocus&quot;:false,&quot;rtl&quot;:false,&quot;vertical&quot;:false,&quot;fade&quot;:false,&quot;lazyLoad&quot;:false,&quot;centerMode&quot;:false,&quot;infinite&quot;:true,&quot;adaptiveHeight&quot;:true,&quot;speed&quot;:500,&quot;autoplaySpeed&quot;:3000,&quot;slidesToShow&quot;:1,&quot;slidesToScroll&quot;:1,&quot;rows&quot;:1,&quot;slidesPerRow&quot;:1}\"><div><figure class=\"algori-image-video-slider-slide-container\"><img decoding=\"async\" src=\"https:\/\/lauratalias.com\/wp-content\/uploads\/2018\/06\/talias-birmanie-tourisme-responsable-chin-nuit.jpg\" alt=\"\"\/><\/figure><\/div><div><figure class=\"algori-image-video-slider-slide-container\"><img decoding=\"async\" src=\"https:\/\/lauratalias.com\/wp-content\/uploads\/2018\/06\/talias-birmanie-shan-trek-scaled.jpg\" alt=\"\"\/><\/figure><\/div><div><figure class=\"algori-image-video-slider-slide-container\"><img decoding=\"async\" src=\"https:\/\/lauratalias.com\/wp-content\/uploads\/2018\/06\/talias-birmanie-tourisme-responsable-concert-punk-scaled.jpg\" alt=\"\"\/><\/figure><\/div><div><figure class=\"algori-image-video-slider-slide-container\"><img decoding=\"async\" src=\"https:\/\/lauratalias.com\/wp-content\/uploads\/2018\/06\/talias-birmanie-ong-action-aid-scaled.jpg\" alt=\"\"\/><\/figure><\/div><div><figure class=\"algori-image-video-slider-slide-container\"><img decoding=\"async\" src=\"https:\/\/lauratalias.com\/wp-content\/uploads\/2018\/06\/talias-birmanie-tourisme-responsable-livres.jpg\" alt=\"\"\/><\/figure><\/div><\/div>\n\n\n<div class=\"wp-block-image\">\n<figure class=\"alignright size-large is-resized\"><img loading=\"lazy\" decoding=\"async\" width=\"683\" height=\"1024\" src=\"https:\/\/lauratalias.com\/wp-content\/uploads\/2018\/07\/talias-birmanie-tourisme-bagan-ananda-683x1024.jpg\" alt=\"\" class=\"wp-image-178\" style=\"width:213px;height:319px\" srcset=\"https:\/\/lauratalias.com\/wp-content\/uploads\/2018\/07\/talias-birmanie-tourisme-bagan-ananda-683x1024.jpg 683w, https:\/\/lauratalias.com\/wp-content\/uploads\/2018\/07\/talias-birmanie-tourisme-bagan-ananda-200x300.jpg 200w, https:\/\/lauratalias.com\/wp-content\/uploads\/2018\/07\/talias-birmanie-tourisme-bagan-ananda-768x1152.jpg 768w, https:\/\/lauratalias.com\/wp-content\/uploads\/2018\/07\/talias-birmanie-tourisme-bagan-ananda-1024x1536.jpg 1024w, https:\/\/lauratalias.com\/wp-content\/uploads\/2018\/07\/talias-birmanie-tourisme-bagan-ananda-1366x2048.jpg 1366w, https:\/\/lauratalias.com\/wp-content\/uploads\/2018\/07\/talias-birmanie-tourisme-bagan-ananda-scaled.jpg 1707w\" sizes=\"auto, (max-width: 683px) 100vw, 683px\" \/><figcaption class=\"wp-element-caption\"><em>A l&#8217;entr\u00e9e de la Mecque touristique &#8211; Bagan<\/em><\/figcaption><\/figure>\n<\/div>\n\n\n<p><strong>80 t\u00e9moignages de Birmans, des captations sonores et vid\u00e9o, une seule question:&nbsp; &#8220;<em>Comment avoir un impact positif en Birmanie en tant que touriste ?<\/em>&#8220;<\/strong><\/p>\n\n\n\n<p>L\u2019enjeu&nbsp;\u00e9tait simple&nbsp;: recueillir des bonnes pratiques touristiques faciles \u00e0 adopter en voyage et sensibiliser le grand public.<\/p>\n\n\n\n<p>Et construire, ensemble, un guide pour les voyageurs afin de respecter les traditions d\u2019une population et soutenir l\u2019\u00e9conomie locale d\u2019un pays en pleine ouverture au tourisme de masse.<br>Vous pourrez commander ici le livre de l&#8217;exposition !<\/p>\n\n\n\n<p><\/p>\n\n\n\n<p>Birmanie Responsable est une aventure associative engag\u00e9e lanc\u00e9e en 2013 et soutenue par le festival <a href=\"https:\/\/www.grandbivouac.com\/fr\">Le Grand Bivouac<\/a>. Elle a donn\u00e9 lieu \u00e0 de nombreuses expositions, conf\u00e9rences et ateliers photos.<br>Si souhaitez accueillir l&#8217;exposition, <a href=\"https:\/\/lauratalias.com\/index.php\/contact\/\" data-type=\"page\" data-id=\"611\">contactez-moi<\/a>.<\/p>\n\n\n\n<figure class=\"wp-block-image size-large is-resized\"><img loading=\"lazy\" decoding=\"async\" width=\"2472\" height=\"520\" src=\"https:\/\/lauratalias.files.wordpress.com\/2021\/10\/moz-edited.jpeg\" alt=\"\" class=\"wp-image-266\" style=\"width:1051px\" srcset=\"https:\/\/lauratalias.com\/wp-content\/uploads\/2021\/10\/moz-edited.jpeg 2472w, https:\/\/lauratalias.com\/wp-content\/uploads\/2021\/10\/moz-edited-300x63.jpeg 300w, https:\/\/lauratalias.com\/wp-content\/uploads\/2021\/10\/moz-edited-1024x215.jpeg 1024w, https:\/\/lauratalias.com\/wp-content\/uploads\/2021\/10\/moz-edited-768x162.jpeg 768w, https:\/\/lauratalias.com\/wp-content\/uploads\/2021\/10\/moz-edited-1536x323.jpeg 1536w, https:\/\/lauratalias.com\/wp-content\/uploads\/2021\/10\/moz-edited-2048x431.jpeg 2048w\" sizes=\"auto, (max-width: 2472px) 100vw, 2472px\" \/><\/figure>\n\n\n\n<p><\/p>\n\n\n\n<p><\/p>\n\n\n\n<p>Birmanie Responsable en vid\u00e9o :<\/p>\n\n\n\n<figure class=\"wp-block-embed is-type-video is-provider-youtube wp-block-embed-youtube wp-embed-aspect-16-9 wp-has-aspect-ratio\"><div class=\"wp-block-embed__wrapper\">\n<iframe loading=\"lazy\" title=\"D\u00e9couvrez Birmanie Responsable !\" width=\"640\" height=\"360\" src=\"https:\/\/www.youtube.com\/embed\/-6YNlyhLGa4?feature=oembed\" frameborder=\"0\" allow=\"accelerometer; autoplay; clipboard-write; encrypted-media; gyroscope; picture-in-picture; web-share\" referrerpolicy=\"strict-origin-when-cross-origin\" allowfullscreen><\/iframe>\n<\/div><\/figure>\n\n\n\n<p><\/p>\n\n\n\n<p><\/p>\n\n\n\n<iframe id=\"haWidget\" allowtransparency=\"true\" scrolling=\"auto\" src=\"https:\/\/www.helloasso.com\/associations\/alter-go\/boutiques\/tote-bag\/widget\" style=\"width: 100%; height: 750px; border: none;\"><\/iframe>\n\n\n\n<p>Birmanie Responsable a su s&#8217;entourer d&#8217;un r\u00e9seau de partenaires institutionnels, priv\u00e9s et associatifs, merci \u00e0 eux !<br>Ils nous ont fait confiance :<\/p>\n\n\n<div class=\"wp-block-image\">\n<figure class=\"aligncenter size-large is-resized\"><img loading=\"lazy\" decoding=\"async\" width=\"690\" height=\"260\" src=\"https:\/\/lauratalias.com\/wp-content\/uploads\/2023\/02\/partenaires-br.png?w=690\" alt=\"\" class=\"wp-image-609\" style=\"width:688px;height:259px\" srcset=\"https:\/\/lauratalias.com\/wp-content\/uploads\/2023\/02\/partenaires-br.png 690w, https:\/\/lauratalias.com\/wp-content\/uploads\/2023\/02\/partenaires-br-300x113.png 300w\" sizes=\"auto, (max-width: 690px) 100vw, 690px\" \/><\/figure>\n<\/div>","protected":false},"excerpt":{"rendered":"<p>La s\u00e9rie\u00a0Birmanie, sur les traces du tourisme responsable est une exposition documentaire en 20 textes et photos apr\u00e8s 9 mois pass\u00e9s en Birmanie entre 2015 et 2016.<\/p>\n","protected":false},"author":2,"featured_media":109,"parent":0,"menu_order":0,"comment_status":"closed","ping_status":"closed","template":"","meta":{"footnotes":""},"class_list":["post-26","page","type-page","status-publish","has-post-thumbnail","hentry"],"_links":{"self":[{"href":"https:\/\/lauratalias.com\/index.php\/wp-json\/wp\/v2\/pages\/26","targetHints":{"allow":["GET"]}}],"collection":[{"href":"https:\/\/lauratalias.com\/index.php\/wp-json\/wp\/v2\/pages"}],"about":[{"href":"https:\/\/lauratalias.com\/index.php\/wp-json\/wp\/v2\/types\/page"}],"author":[{"embeddable":true,"href":"https:\/\/lauratalias.com\/index.php\/wp-json\/wp\/v2\/users\/2"}],"replies":[{"embeddable":true,"href":"https:\/\/lauratalias.com\/index.php\/wp-json\/wp\/v2\/comments?post=26"}],"version-history":[{"count":7,"href":"https:\/\/lauratalias.com\/index.php\/wp-json\/wp\/v2\/pages\/26\/revisions"}],"predecessor-version":[{"id":775,"href":"https:\/\/lauratalias.com\/index.php\/wp-json\/wp\/v2\/pages\/26\/revisions\/775"}],"wp:featuredmedia":[{"embeddable":true,"href":"https:\/\/lauratalias.com\/index.php\/wp-json\/wp\/v2\/media\/109"}],"wp:attachment":[{"href":"https:\/\/lauratalias.com\/index.php\/wp-json\/wp\/v2\/media?parent=26"}],"curies":[{"name":"wp","href":"https:\/\/api.w.org\/{rel}","templated":true}]}}