{"id":383,"date":"2021-10-17T14:15:17","date_gmt":"2021-10-17T13:15:17","guid":{"rendered":"https:\/\/lauratalias.wordpress.com\/?page_id=383"},"modified":"2025-05-07T16:31:38","modified_gmt":"2025-05-07T14:31:38","slug":"burma-blues","status":"publish","type":"page","link":"https:\/\/lauratalias.com\/index.php\/burma-blues\/","title":{"rendered":"Burma Blues"},"content":{"rendered":"<div class=\"wp-block-image\">\n<figure class=\"alignleft size-full is-resized\"><img loading=\"lazy\" decoding=\"async\" width=\"557\" height=\"787\" src=\"https:\/\/lauratalias.com\/wp-content\/uploads\/2024\/05\/Laura-Talias-cyanotype-stage-1.jpg\" alt=\"\" class=\"wp-image-1069\" style=\"width:271px;height:auto\" srcset=\"https:\/\/lauratalias.com\/wp-content\/uploads\/2024\/05\/Laura-Talias-cyanotype-stage-1.jpg 557w, https:\/\/lauratalias.com\/wp-content\/uploads\/2024\/05\/Laura-Talias-cyanotype-stage-1-212x300.jpg 212w\" sizes=\"auto, (max-width: 557px) 100vw, 557px\" \/><\/figure>\n<\/div>\n\n\n<p><em>Laura Talias est partie 9 mois \u00e0 la rencontre des Birmans en 2015, \u00e0 une \u00e9poque pleine d&#8217;espoir o\u00f9 la d\u00e9mocratie faisait une perc\u00e9e apr\u00e8s 50 ans de dictature. Ses portraits au cyanotype sont un hommage \u00e0 ce peuple r\u00e9silient, qui subit aujourd\u2019hui le retour des militaires.<br>Un blues birman en bleu de prusse et des tirages in\u00e9dits, d\u00e9velopp\u00e9s enti\u00e8rement \u00e0 la main<\/em>.<\/p>\n\n\n\n<p><\/p>\n\n\n\n<p><\/p>\n\n\n\n<p>Que sont-ils devenus ?<br>Au terme de mes neuf mois en Birmanie entre 2015 et 2016 autour du projet <a href=\"https:\/\/lauratalias.com\/index.php\/birmanie-traces-tourisme-responsable\/\" data-type=\"page\" data-id=\"26\">Birmanie Responsable<\/a>, je suis rentr\u00e9e en France, le coeur et la t\u00eate emplis de souvenirs, de rencontres et d&#8217;espoirs pour ce pays qui venait d&#8217;\u00e9lire pour la premi\u00e8re fois un r\u00e9gime (quasi) d\u00e9mocratique.<br><br>H\u00e9las, cela ne devait pas durer. En 2017 d\u00e9j\u00e0, la communaut\u00e9 des Rohingyas, l&#8217;une des minorit\u00e9s les plus pers\u00e9cut\u00e9es au monde selon l&#8217;ONU, subit \u00e0 nouveau des massacres et pr\u00e8s de 380 000 personnes quittent le pays en catastrophe. <br>Puis c&#8217;est en f\u00e9vrier 2021 que la junte militaire fait un coup d&#8217;\u00e9tat, reprenant le pouvoir qu&#8217;elle n&#8217;avait jamais vraiment l\u00e2ch\u00e9. Depuis, beaucoup d&#8217;amis ont quitt\u00e9 le pays, comme nombre de photoreporters menac\u00e9s, ou ont rejoint des arm\u00e9es rebelles pour combattre l&#8217;arm\u00e9e birmane.<\/p>\n\n\n\n<p>Je pense encore \u00e0 eux tous, \u00e0 tous ces <a href=\"https:\/\/lauratalias.com\/index.php\/20-something-jeunesse-birmane\/\" data-type=\"page\" data-id=\"116\">jeunes pleins de r\u00eaves que j&#8217;ai interview\u00e9s<\/a> et qui ont d\u00fb mettre leurs envies en pause, encore. <br>Pour certains, la vie a continu\u00e9, mais les conditions sont plus que difficiles. J&#8217;ai voulu leur rendre hommage avec une s\u00e9rie de portraits au <a href=\"https:\/\/lauratalias.com\/index.php\/cyanotype\/\" data-type=\"page\" data-id=\"216\">cyanotype<\/a>, un proc\u00e9d\u00e9 intemporel qui permet de r\u00e9aliser les tirages enti\u00e8rement \u00e0 la main.<br><br><br><br>Je parle de ma photo &#8220;La r\u00eaveuse de Yangon&#8221; \u00e0 l&#8217;exposition Mirages et Instantan\u00e9s :<\/p>\n\n\n\n<blockquote class=\"instagram-media\" data-instgrm-captioned data-instgrm-permalink=\"https:\/\/www.instagram.com\/reel\/C3qRlAfIhuX\/?utm_source=ig_embed&amp;utm_campaign=loading\" data-instgrm-version=\"14\" style=\" background:#FFF; border:0; border-radius:3px; box-shadow:0 0 1px 0 rgba(0,0,0,0.5),0 1px 10px 0 rgba(0,0,0,0.15); margin: 1px; max-width:540px; min-width:326px; padding:0; width:99.375%; width:-webkit-calc(100% - 2px); width:calc(100% - 2px);\"><div style=\"padding:16px;\"> <a href=\"https:\/\/www.instagram.com\/reel\/C3qRlAfIhuX\/?utm_source=ig_embed&amp;utm_campaign=loading\" style=\" background:#FFFFFF; line-height:0; padding:0 0; text-align:center; text-decoration:none; width:100%;\" target=\"_blank\" rel=\"noopener\"> <div style=\" display: flex; flex-direction: row; align-items: center;\"> <div style=\"background-color: #F4F4F4; border-radius: 50%; flex-grow: 0; height: 40px; margin-right: 14px; width: 40px;\"><\/div> <div style=\"display: flex; flex-direction: column; flex-grow: 1; justify-content: center;\"> <div style=\" background-color: #F4F4F4; border-radius: 4px; flex-grow: 0; height: 14px; margin-bottom: 6px; width: 100px;\"><\/div> <div style=\" background-color: #F4F4F4; border-radius: 4px; flex-grow: 0; height: 14px; width: 60px;\"><\/div><\/div><\/div><div style=\"padding: 19% 0;\"><\/div> <div style=\"display:block; height:50px; margin:0 auto 12px; width:50px;\"><svg width=\"50px\" height=\"50px\" viewBox=\"0 0 60 60\" version=\"1.1\" xmlns=\"https:\/\/www.w3.org\/2000\/svg\" xmlns:xlink=\"https:\/\/www.w3.org\/1999\/xlink\"><g stroke=\"none\" stroke-width=\"1\" fill=\"none\" fill-rule=\"evenodd\"><g transform=\"translate(-511.000000, -20.000000)\" fill=\"#000000\"><g><path d=\"M556.869,30.41 C554.814,30.41 553.148,32.076 553.148,34.131 C553.148,36.186 554.814,37.852 556.869,37.852 C558.924,37.852 560.59,36.186 560.59,34.131 C560.59,32.076 558.924,30.41 556.869,30.41 M541,60.657 C535.114,60.657 530.342,55.887 530.342,50 C530.342,44.114 535.114,39.342 541,39.342 C546.887,39.342 551.658,44.114 551.658,50 C551.658,55.887 546.887,60.657 541,60.657 M541,33.886 C532.1,33.886 524.886,41.1 524.886,50 C524.886,58.899 532.1,66.113 541,66.113 C549.9,66.113 557.115,58.899 557.115,50 C557.115,41.1 549.9,33.886 541,33.886 M565.378,62.101 C565.244,65.022 564.756,66.606 564.346,67.663 C563.803,69.06 563.154,70.057 562.106,71.106 C561.058,72.155 560.06,72.803 558.662,73.347 C557.607,73.757 556.021,74.244 553.102,74.378 C549.944,74.521 548.997,74.552 541,74.552 C533.003,74.552 532.056,74.521 528.898,74.378 C525.979,74.244 524.393,73.757 523.338,73.347 C521.94,72.803 520.942,72.155 519.894,71.106 C518.846,70.057 518.197,69.06 517.654,67.663 C517.244,66.606 516.755,65.022 516.623,62.101 C516.479,58.943 516.448,57.996 516.448,50 C516.448,42.003 516.479,41.056 516.623,37.899 C516.755,34.978 517.244,33.391 517.654,32.338 C518.197,30.938 518.846,29.942 519.894,28.894 C520.942,27.846 521.94,27.196 523.338,26.654 C524.393,26.244 525.979,25.756 528.898,25.623 C532.057,25.479 533.004,25.448 541,25.448 C548.997,25.448 549.943,25.479 553.102,25.623 C556.021,25.756 557.607,26.244 558.662,26.654 C560.06,27.196 561.058,27.846 562.106,28.894 C563.154,29.942 563.803,30.938 564.346,32.338 C564.756,33.391 565.244,34.978 565.378,37.899 C565.522,41.056 565.552,42.003 565.552,50 C565.552,57.996 565.522,58.943 565.378,62.101 M570.82,37.631 C570.674,34.438 570.167,32.258 569.425,30.349 C568.659,28.377 567.633,26.702 565.965,25.035 C564.297,23.368 562.623,22.342 560.652,21.575 C558.743,20.834 556.562,20.326 553.369,20.18 C550.169,20.033 549.148,20 541,20 C532.853,20 531.831,20.033 528.631,20.18 C525.438,20.326 523.257,20.834 521.349,21.575 C519.376,22.342 517.703,23.368 516.035,25.035 C514.368,26.702 513.342,28.377 512.574,30.349 C511.834,32.258 511.326,34.438 511.181,37.631 C511.035,40.831 511,41.851 511,50 C511,58.147 511.035,59.17 511.181,62.369 C511.326,65.562 511.834,67.743 512.574,69.651 C513.342,71.625 514.368,73.296 516.035,74.965 C517.703,76.634 519.376,77.658 521.349,78.425 C523.257,79.167 525.438,79.673 528.631,79.82 C531.831,79.965 532.853,80.001 541,80.001 C549.148,80.001 550.169,79.965 553.369,79.82 C556.562,79.673 558.743,79.167 560.652,78.425 C562.623,77.658 564.297,76.634 565.965,74.965 C567.633,73.296 568.659,71.625 569.425,69.651 C570.167,67.743 570.674,65.562 570.82,62.369 C570.966,59.17 571,58.147 571,50 C571,41.851 570.966,40.831 570.82,37.631\"><\/path><\/g><\/g><\/g><\/svg><\/div><div style=\"padding-top: 8px;\"> <div style=\" color:#3897f0; font-family:Arial,sans-serif; font-size:14px; font-style:normal; font-weight:550; line-height:18px;\">Voir cette publication sur Instagram<\/div><\/div><div style=\"padding: 12.5% 0;\"><\/div> <div style=\"display: flex; flex-direction: row; margin-bottom: 14px; align-items: center;\"><div> <div style=\"background-color: #F4F4F4; border-radius: 50%; height: 12.5px; width: 12.5px; transform: translateX(0px) translateY(7px);\"><\/div> <div style=\"background-color: #F4F4F4; height: 12.5px; transform: rotate(-45deg) translateX(3px) translateY(1px); width: 12.5px; flex-grow: 0; margin-right: 14px; margin-left: 2px;\"><\/div> <div style=\"background-color: #F4F4F4; border-radius: 50%; height: 12.5px; width: 12.5px; transform: translateX(9px) translateY(-18px);\"><\/div><\/div><div style=\"margin-left: 8px;\"> <div style=\" background-color: #F4F4F4; border-radius: 50%; flex-grow: 0; height: 20px; width: 20px;\"><\/div> <div style=\" width: 0; height: 0; border-top: 2px solid transparent; border-left: 6px solid #f4f4f4; border-bottom: 2px solid transparent; transform: translateX(16px) translateY(-4px) rotate(30deg)\"><\/div><\/div><div style=\"margin-left: auto;\"> <div style=\" width: 0px; border-top: 8px solid #F4F4F4; border-right: 8px solid transparent; transform: translateY(16px);\"><\/div> <div style=\" background-color: #F4F4F4; flex-grow: 0; height: 12px; width: 16px; transform: translateY(-4px);\"><\/div> <div style=\" width: 0; height: 0; border-top: 8px solid #F4F4F4; border-left: 8px solid transparent; transform: translateY(-4px) translateX(8px);\"><\/div><\/div><\/div> <div style=\"display: flex; flex-direction: column; flex-grow: 1; justify-content: center; margin-bottom: 24px;\"> <div style=\" background-color: #F4F4F4; border-radius: 4px; flex-grow: 0; height: 14px; margin-bottom: 6px; width: 224px;\"><\/div> <div style=\" background-color: #F4F4F4; border-radius: 4px; flex-grow: 0; height: 14px; width: 144px;\"><\/div><\/div><\/a><p style=\" color:#c9c8cd; font-family:Arial,sans-serif; font-size:14px; line-height:17px; margin-bottom:0; margin-top:8px; overflow:hidden; padding:8px 0 7px; text-align:center; text-overflow:ellipsis; white-space:nowrap;\"><a href=\"https:\/\/www.instagram.com\/reel\/C3qRlAfIhuX\/?utm_source=ig_embed&amp;utm_campaign=loading\" style=\" color:#c9c8cd; font-family:Arial,sans-serif; font-size:14px; font-style:normal; font-weight:normal; line-height:17px; text-decoration:none;\" target=\"_blank\" rel=\"noopener\">Une publication partag\u00e9e par OpenBach Galerie | Art (@openbach_galerie)<\/a><\/p><\/div><\/blockquote> <script async src=\"\/\/www.instagram.com\/embed.js\"><\/script>\n\n\n\n<figure class=\"wp-block-image size-large\"><img loading=\"lazy\" decoding=\"async\" width=\"1024\" height=\"687\" src=\"https:\/\/lauratalias.com\/wp-content\/uploads\/2022\/12\/exposition-cyanotype-laura-talias-1024x687.jpg\" alt=\"\" class=\"wp-image-564\" srcset=\"https:\/\/lauratalias.com\/wp-content\/uploads\/2022\/12\/exposition-cyanotype-laura-talias-1024x687.jpg 1024w, https:\/\/lauratalias.com\/wp-content\/uploads\/2022\/12\/exposition-cyanotype-laura-talias-300x201.jpg 300w, https:\/\/lauratalias.com\/wp-content\/uploads\/2022\/12\/exposition-cyanotype-laura-talias-768x515.jpg 768w, https:\/\/lauratalias.com\/wp-content\/uploads\/2022\/12\/exposition-cyanotype-laura-talias-1536x1031.jpg 1536w, https:\/\/lauratalias.com\/wp-content\/uploads\/2022\/12\/exposition-cyanotype-laura-talias.jpg 2031w\" sizes=\"auto, (max-width: 1024px) 100vw, 1024px\" \/><\/figure>\n\n\n\n<figure class=\"wp-block-gallery has-nested-images columns-default is-cropped wp-block-gallery-1 is-layout-flex wp-block-gallery-is-layout-flex\">\n<figure class=\"wp-block-image size-large\"><img loading=\"lazy\" decoding=\"async\" width=\"1024\" height=\"683\" data-id=\"243\" src=\"https:\/\/lauratalias.com\/wp-content\/uploads\/2021\/10\/1633780433097-1024x683.jpg\" alt=\"\" class=\"wp-image-243\" srcset=\"https:\/\/lauratalias.com\/wp-content\/uploads\/2021\/10\/1633780433097-1024x683.jpg 1024w, https:\/\/lauratalias.com\/wp-content\/uploads\/2021\/10\/1633780433097-300x200.jpg 300w, https:\/\/lauratalias.com\/wp-content\/uploads\/2021\/10\/1633780433097-768x512.jpg 768w, https:\/\/lauratalias.com\/wp-content\/uploads\/2021\/10\/1633780433097-1536x1024.jpg 1536w, https:\/\/lauratalias.com\/wp-content\/uploads\/2021\/10\/1633780433097-2048x1366.jpg 2048w\" sizes=\"auto, (max-width: 1024px) 100vw, 1024px\" \/><\/figure>\n\n\n\n<figure class=\"wp-block-image size-large\"><img loading=\"lazy\" decoding=\"async\" width=\"1024\" height=\"715\" data-id=\"235\" src=\"https:\/\/lauratalias.com\/wp-content\/uploads\/2021\/10\/img_20191215_001817-1-1024x715.jpg\" alt=\"\" class=\"wp-image-235\" srcset=\"https:\/\/lauratalias.com\/wp-content\/uploads\/2021\/10\/img_20191215_001817-1-1024x715.jpg 1024w, https:\/\/lauratalias.com\/wp-content\/uploads\/2021\/10\/img_20191215_001817-1-300x209.jpg 300w, https:\/\/lauratalias.com\/wp-content\/uploads\/2021\/10\/img_20191215_001817-1-768x536.jpg 768w, https:\/\/lauratalias.com\/wp-content\/uploads\/2021\/10\/img_20191215_001817-1-1536x1072.jpg 1536w, https:\/\/lauratalias.com\/wp-content\/uploads\/2021\/10\/img_20191215_001817-1-2048x1430.jpg 2048w\" sizes=\"auto, (max-width: 1024px) 100vw, 1024px\" \/><\/figure>\n\n\n\n<figure class=\"wp-block-image size-large\"><img loading=\"lazy\" decoding=\"async\" width=\"1024\" height=\"772\" data-id=\"238\" src=\"https:\/\/lauratalias.com\/wp-content\/uploads\/2021\/10\/img_20180806_142655-1024x772.jpg\" alt=\"\" class=\"wp-image-238\" srcset=\"https:\/\/lauratalias.com\/wp-content\/uploads\/2021\/10\/img_20180806_142655-1024x772.jpg 1024w, https:\/\/lauratalias.com\/wp-content\/uploads\/2021\/10\/img_20180806_142655-300x226.jpg 300w, https:\/\/lauratalias.com\/wp-content\/uploads\/2021\/10\/img_20180806_142655-768x579.jpg 768w, https:\/\/lauratalias.com\/wp-content\/uploads\/2021\/10\/img_20180806_142655-1536x1158.jpg 1536w, https:\/\/lauratalias.com\/wp-content\/uploads\/2021\/10\/img_20180806_142655-2048x1544.jpg 2048w\" sizes=\"auto, (max-width: 1024px) 100vw, 1024px\" \/><\/figure>\n\n\n\n<figure class=\"wp-block-image size-large\"><img loading=\"lazy\" decoding=\"async\" width=\"1024\" height=\"673\" data-id=\"244\" src=\"https:\/\/lauratalias.com\/wp-content\/uploads\/2021\/10\/1633780433158-1024x673.jpg\" alt=\"\" class=\"wp-image-244\" srcset=\"https:\/\/lauratalias.com\/wp-content\/uploads\/2021\/10\/1633780433158-1024x673.jpg 1024w, https:\/\/lauratalias.com\/wp-content\/uploads\/2021\/10\/1633780433158-300x197.jpg 300w, https:\/\/lauratalias.com\/wp-content\/uploads\/2021\/10\/1633780433158-768x505.jpg 768w, https:\/\/lauratalias.com\/wp-content\/uploads\/2021\/10\/1633780433158-1536x1010.jpg 1536w, https:\/\/lauratalias.com\/wp-content\/uploads\/2021\/10\/1633780433158-2048x1346.jpg 2048w\" sizes=\"auto, (max-width: 1024px) 100vw, 1024px\" \/><\/figure>\n<\/figure>\n","protected":false},"excerpt":{"rendered":"<p>Laura Talias est partie 9 mois \u00e0 la rencontre des Birmans en 2015, \u00e0 une \u00e9poque pleine d&#8217;espoir o\u00f9 la d\u00e9mocratie faisait une perc\u00e9e apr\u00e8s 50 ans de dictature. Ses portraits au cyanotype sont un hommage \u00e0 ce peuple r\u00e9silient, qui subit aujourd\u2019hui le retour des militaires.Un blues birman en bleu de prusse et des [&hellip;]<\/p>\n","protected":false},"author":2,"featured_media":0,"parent":0,"menu_order":0,"comment_status":"closed","ping_status":"closed","template":"","meta":{"footnotes":""},"class_list":["post-383","page","type-page","status-publish","hentry"],"_links":{"self":[{"href":"https:\/\/lauratalias.com\/index.php\/wp-json\/wp\/v2\/pages\/383","targetHints":{"allow":["GET"]}}],"collection":[{"href":"https:\/\/lauratalias.com\/index.php\/wp-json\/wp\/v2\/pages"}],"about":[{"href":"https:\/\/lauratalias.com\/index.php\/wp-json\/wp\/v2\/types\/page"}],"author":[{"embeddable":true,"href":"https:\/\/lauratalias.com\/index.php\/wp-json\/wp\/v2\/users\/2"}],"replies":[{"embeddable":true,"href":"https:\/\/lauratalias.com\/index.php\/wp-json\/wp\/v2\/comments?post=383"}],"version-history":[{"count":5,"href":"https:\/\/lauratalias.com\/index.php\/wp-json\/wp\/v2\/pages\/383\/revisions"}],"predecessor-version":[{"id":1267,"href":"https:\/\/lauratalias.com\/index.php\/wp-json\/wp\/v2\/pages\/383\/revisions\/1267"}],"wp:attachment":[{"href":"https:\/\/lauratalias.com\/index.php\/wp-json\/wp\/v2\/media?parent=383"}],"curies":[{"name":"wp","href":"https:\/\/api.w.org\/{rel}","templated":true}]}}